{"id":38,"date":"2020-12-16T12:00:03","date_gmt":"2020-12-16T12:00:03","guid":{"rendered":"https:\/\/institutum.org\/?page_id=38"},"modified":"2025-05-29T15:01:27","modified_gmt":"2025-05-29T15:01:27","slug":"programmi","status":"publish","type":"page","link":"https:\/\/omeo.institutum.org\/index.php\/programmi\/","title":{"rendered":"Programmi"},"content":{"rendered":"<h2>\n\t\t\t\t\t\tProgrammi base\t\t\t\t\t<\/h2>\n<p>\t\t\t\t\t\tI programmi base consentono di acquisire le esperienze principali dello sciamanesimo contemporaneo e per accedere a una coscienza multidimensionale. Tutti i seminari e corsi dei nostri programmi sono preceduti da un programma base, che consente in seguito di partecipare a programmi pi\u00f9 avanzati.<br \/>\n\t\t\t\tbase<\/p>\n<h2>\n\t\t\t\t\t\tFormazione\t\t\t\t\t<\/h2>\n<p>\t\t\t\t\t\tIl nostro metodo di Formazione si fonda su una visione olistica dell\u2019esistenza, in cui ogni aspetto della realt\u00e0 visibile e invisibile \u00e8 riconosciuto come parte dello stesso tutto.<br \/>\n\t\t\t\t\t<a href=\"\/formazione\/\"><br \/>\n\t\t\t\t\t\tScopri di pi\u00f9\t\t\t\t\t<\/a><br \/>\n\t\t\t\tformazione<\/p>\n<h2>\n\t\t\t\t\t\tCome organizzare eventi\t\t\t\t\t<\/h2>\n<p>\t\t\t\t\t\tSe avete piacere di organizzare seminari, corsi o eventi con Franco Santoro e i suoi associati, o per avere maggiori informazioni, scopri di pi\u00f9 cliccando sul pulsante sotto.<br \/>\n\t\t\t\t\t<a href=\"\/come-organizzare-eventi\/\"><br \/>\n\t\t\t\t\t\tScopri di pi\u00f9\t\t\t\t\t<\/a><br \/>\n\t\t\t\teventi<\/p>\n<h2>\n\t\t\t\t\t\tRitiri\t\t\t\t\t<\/h2>\n<p>\t\t\t\t\t\tLa maggior parte dei nostri seminari, specialmente quelli di una durata superiore ai due giorni, sono anche occasioni di ritiro interiore e spirituale.<br \/>\n\t\t\t\t\t<a href=\"\/ritiri\/\"><br \/>\n\t\t\t\t\t\tScopri di pi\u00f9\t\t\t\t\t<\/a><br \/>\n\t\t\t\tritiri<\/p>\n<h1>Programmi<\/h1>\n<p>I nostri programmi sono centrati sulla consapevolezza multidimensionale, l\u2019espansione della coscienza, la guarigione sciamanica e la spiritualit\u00e0 olistica. I nostri riferimenti sono radicati nelle tradizioni sciamaniche e misteriche occidentali, medio-orientali e orientali, nei percorsi spirituali non-dogmatici antichi e moderni, integrati tramite la sintesi chiarificatrice degli insegnamenti astrosciamanici.<\/p>\n<p>Le nostre attivit\u00e0 includono un\u2019ampia variet\u00e0 di strumenti e promuovono una profonda connessione con il Divino, l\u2019aderenza al proprio scopo nella vita e lo sviluppo dei potenziali creativi, adattandosi alle esigenze di ciascun individuo e gruppo.<\/p>\n<p>I nostri programmi sono in gran parte personalizzati, per cui se vuoi lavorare con noi, contattaci direttamente a info@astroshamanism.org, e possiamo indicarti un programma apposito per le tue esigenze. Operiamo anche con singoli individui e piccoli gruppi, a distanza e di persona a Findhorn (Scozia) e in altre localit\u00e0 in cui teniamo i nostri eventi.<\/p>\n<p><strong>Clicca\u00a0<a href=\"https:\/\/astrosciamanesimo.org\/calendario\/\">qui<\/a>\u00a0per il Calendario degi eventi.<\/strong><\/p>\n<p>\t\t\t\t\t\t\t\t\t\t\t\t<a tabindex=\"0\">Ulteriori informazioni<\/a><\/p>\n<p>Nei nostri seminari i partecipanti contribuiscono ci\u00f2 che possono permettersi secondo il loro tenore di vita. Nei nostri gruppi apprendiamo a sviluppare il senso di comunit\u00e0 e fratellanza mediante un\u2019equit\u00e0 e solidariet\u00e0 che non esclude nessuno. L\u2019unico requisito indispensabile \u00e8 la motivazione a partecipare a un evento e il rispetto dei\u00a0<a href=\"\/codice-etico-e-accordi\/\">relativi accordi<\/a>.<\/p>\n<p>La partecipazione olistica, equa e solidale implica un equilibrio tra dare e ricevere, al fine di consentire benefici per tutte le parti in armonia con la rete della vita.<\/p>\n<p>Indichiamo una cifra orientativa, che corrisponde al valore che diamo al seminario, ma ciascuno converte quella cifra in base alle sue possibilit\u00e0, che possono essere inferiori o superiori a quella cifra.<\/p>\n<p>I partecipanti possono convertire il valore che ritengono di aver ricevuto in una cifra che \u00e8 in armonia con le loro possibilit\u00e0. Coloro con risorse molto basse o senza risorse possono impiegare servizi di scambio secondo quanto \u00e8 accettabile per entrambe le parti.<\/p>\n<p>Il denaro non \u00e8 mai un impedimento per partecipare a un evento. Quel che conta \u00e8 la vostra motivazione. Per cui se ci sono difficolt\u00e0 riguardo il denaro, parliamone.<\/p>\n","protected":false},"excerpt":{"rendered":"<p>Programmi base I programmi base consentono di acquisire le esperienze principali dello sciamanesimo contemporaneo e per accedere a una coscienza multidimensionale. Tutti i seminari e corsi dei nostri programmi sono preceduti da un programma base, che consente in seguito di partecipare a programmi pi\u00f9 avanzati. base Formazione Il nostro metodo di Formazione si fonda su [&hellip;]<\/p>\n","protected":false},"author":1,"featured_media":0,"parent":0,"menu_order":0,"comment_status":"closed","ping_status":"closed","template":"","meta":{"_genesis_hide_title":false,"_genesis_hide_breadcrumbs":false,"_genesis_hide_singular_image":false,"_genesis_hide_footer_widgets":false,"_genesis_custom_body_class":"","_genesis_custom_post_class":"","_genesis_layout":"","footnotes":""},"class_list":{"0":"post-38","1":"page","2":"type-page","3":"status-publish","5":"entry"},"featured_image_src":null,"featured_image_src_square":null,"_links":{"self":[{"href":"https:\/\/omeo.institutum.org\/index.php\/wp-json\/wp\/v2\/pages\/38","targetHints":{"allow":["GET"]}}],"collection":[{"href":"https:\/\/omeo.institutum.org\/index.php\/wp-json\/wp\/v2\/pages"}],"about":[{"href":"https:\/\/omeo.institutum.org\/index.php\/wp-json\/wp\/v2\/types\/page"}],"author":[{"embeddable":true,"href":"https:\/\/omeo.institutum.org\/index.php\/wp-json\/wp\/v2\/users\/1"}],"replies":[{"embeddable":true,"href":"https:\/\/omeo.institutum.org\/index.php\/wp-json\/wp\/v2\/comments?post=38"}],"version-history":[{"count":1,"href":"https:\/\/omeo.institutum.org\/index.php\/wp-json\/wp\/v2\/pages\/38\/revisions"}],"predecessor-version":[{"id":33301,"href":"https:\/\/omeo.institutum.org\/index.php\/wp-json\/wp\/v2\/pages\/38\/revisions\/33301"}],"wp:attachment":[{"href":"https:\/\/omeo.institutum.org\/index.php\/wp-json\/wp\/v2\/media?parent=38"}],"curies":[{"name":"wp","href":"https:\/\/api.w.org\/{rel}","templated":true}]}}